{"id":573,"date":"2020-01-10T18:16:55","date_gmt":"2020-01-10T17:16:55","guid":{"rendered":"http:\/\/deco.com.pl\/?page_id=573"},"modified":"2024-05-08T10:23:02","modified_gmt":"2024-05-08T08:23:02","slug":"o-firmie","status":"publish","type":"page","link":"https:\/\/deco.com.pl\/index.php\/o-firmie\/","title":{"rendered":"O FIRMIE"},"content":{"rendered":"\t\t<div data-elementor-type=\"wp-page\" data-elementor-id=\"573\" class=\"elementor elementor-573\" data-elementor-settings=\"[]\">\n\t\t\t<div class=\"elementor-inner\">\n\t\t\t\t<div class=\"elementor-section-wrap\">\n\t\t\t\t\t\t\t<section class=\"elementor-element elementor-element-82842b8 elementor-section-content-middle elementor-section-boxed elementor-section-height-default elementor-section-height-default elementor-section elementor-top-section\" data-id=\"82842b8\" data-element_type=\"section\">\n\t\t\t\t\t\t<div class=\"elementor-container elementor-column-gap-default\">\n\t\t\t\t<div class=\"elementor-row\">\n\t\t\t\t<div class=\"elementor-element elementor-element-d97e482 elementor-column elementor-col-50 elementor-top-column\" data-id=\"d97e482\" data-element_type=\"column\">\n\t\t\t<div class=\"elementor-column-wrap  elementor-element-populated\">\n\t\t\t\t\t<div class=\"elementor-widget-wrap\">\n\t\t\t\t<div class=\"elementor-element elementor-element-b601c50 elementor-widget elementor-widget-text-editor\" data-id=\"b601c50\" data-element_type=\"widget\" data-widget_type=\"text-editor.default\">\n\t\t\t\t<div class=\"elementor-widget-container\">\n\t\t\t\t\t<div class=\"elementor-text-editor elementor-clearfix\"><p><!-- wp:paragraph --><\/p>\n<p style=\"text-align: justify;\">Deco to firma rodzinna za\u0142o\u017cona w roku 1996. Od tego czasu specjalizujemy si\u0119 w kompleksowej obs\u0142udze pokry\u0107 dachowych. Od pocz\u0105tku istnienia wsp\u00f3\u0142pracujemy z najwi\u0119kszymi producentami.<\/p><p style=\"text-align: justify;\">Naszymi partnerami handlowymi s\u0105 takie firmy jak: Braas, Creaton, Roben, Erlus, Bogen, Ibf, Budmat, Bratex, Lindab, Roto, Velux, Dakea, Eurovent, IVT, MDM. Wysoka jako\u015b\u0107 oferowanych przez nas produkt\u00f3w oraz solidna realizacja dach\u00f3w wykonana przez dekarzy z nami wsp\u00f3\u0142pracuj\u0105cych sprawiaj\u0105, \u017ce Klienci s\u0105 bardzo zadowoleni z oferowanych przez nas us\u0142ug. Przez ca\u0142y okres naszej dzia\u0142alno\u015bci przygotowali\u015bmy setki ofert, odpowiedzieli\u015bmy na tysi\u0105ce pyta\u0144, uda\u0142o nam si\u0119 zdoby\u0107 zaufanie Klient\u00f3w. Od standardowych rozwi\u0105za\u0144 po najtrudniejsze konstrukcje, mo\u017cesz mie\u0107 pewno\u015b\u0107, \u017ce otrzymasz najlepsz\u0105 ofert\u0119, uczciw\u0105, rzeteln\u0105 oraz godn\u0105 zaufania obs\u0142ug\u0119 inwestycji. <br><\/p><p style=\"text-align: justify;\">Dach\u00f3wki, membrany, systemy rynnowe, blachy, gonty bitumiczne, okna, mamy wszystko na Tw\u00f3j wymarzony dach. Wsp\u00f3\u0142pracujemy z niezawodnymi dostawcami, fachowymi wykonawcami oraz jeste\u015bmy otwarci na nowe wyzwania. Pisz\u0105c te s\u0142owa nasze my\u015bli z wdzi\u0119czno\u015bci\u0105 zwracaj\u0105 si\u0119 do naszych Klient\u00f3w kt\u00f3rzy w ci\u0105gu minionych lat pozwolili nam rozwin\u0105\u0107 skrzyd\u0142a, ale tak\u017ce do przysz\u0142ych dzi\u0119ki kt\u00f3rym sta\u0142y rozw\u00f3j firmy jest mo\u017cliwy. Zapraszam do kontaktu. Jeste\u015bmy do dyspozycji.<\/p>\n<p><!-- \/wp:paragraph --><\/p><\/div>\n\t\t\t\t<\/div>\n\t\t\t\t<\/div>\n\t\t\t\t\t\t<\/div>\n\t\t\t<\/div>\n\t\t<\/div>\n\t\t\t\t<div class=\"elementor-element elementor-element-1322566 elementor-column elementor-col-50 elementor-top-column\" data-id=\"1322566\" data-element_type=\"column\">\n\t\t\t<div class=\"elementor-column-wrap  elementor-element-populated\">\n\t\t\t\t\t<div class=\"elementor-widget-wrap\">\n\t\t\t\t<div class=\"elementor-element elementor-element-a7af3ac elementor-arrows-position-inside elementor-widget elementor-widget-image-carousel\" data-id=\"a7af3ac\" data-element_type=\"widget\" data-settings=\"{&quot;slides_to_show&quot;:&quot;1&quot;,&quot;navigation&quot;:&quot;arrows&quot;,&quot;autoplay&quot;:&quot;yes&quot;,&quot;pause_on_hover&quot;:&quot;yes&quot;,&quot;pause_on_interaction&quot;:&quot;yes&quot;,&quot;autoplay_speed&quot;:5000,&quot;infinite&quot;:&quot;yes&quot;,&quot;effect&quot;:&quot;slide&quot;,&quot;speed&quot;:500,&quot;direction&quot;:&quot;ltr&quot;}\" data-widget_type=\"image-carousel.default\">\n\t\t\t\t<div class=\"elementor-widget-container\">\n\t\t\t\t\t<div class=\"elementor-image-carousel-wrapper swiper-container\" dir=\"ltr\">\n\t\t\t<div class=\"elementor-image-carousel swiper-wrapper\">\n\t\t\t\t<div class=\"swiper-slide\"><figure class=\"swiper-slide-inner\"><img decoding=\"async\" class=\"swiper-slide-image\" src=\"https:\/\/deco.com.pl\/wp-content\/uploads\/2024\/05\/DJI_0146.jpg\" alt=\"DJI_0146\" \/><\/figure><\/div><div class=\"swiper-slide\"><figure class=\"swiper-slide-inner\"><img decoding=\"async\" class=\"swiper-slide-image\" src=\"https:\/\/deco.com.pl\/wp-content\/uploads\/2020\/01\/onas2.png\" alt=\"onas2\" \/><\/figure><\/div><div class=\"swiper-slide\"><figure class=\"swiper-slide-inner\"><img decoding=\"async\" class=\"swiper-slide-image\" src=\"https:\/\/deco.com.pl\/wp-content\/uploads\/2020\/01\/onas1.png\" alt=\"onas1\" \/><\/figure><\/div><div class=\"swiper-slide\"><figure class=\"swiper-slide-inner\"><img decoding=\"async\" class=\"swiper-slide-image\" src=\"https:\/\/deco.com.pl\/wp-content\/uploads\/2020\/01\/20180424_101941-scaled.jpg\" alt=\"20180424_101941\" \/><\/figure><\/div><div class=\"swiper-slide\"><figure class=\"swiper-slide-inner\"><img decoding=\"async\" class=\"swiper-slide-image\" src=\"https:\/\/deco.com.pl\/wp-content\/uploads\/2020\/01\/20180424_160009-scaled.jpg\" alt=\"20180424_160009\" \/><\/figure><\/div><div class=\"swiper-slide\"><figure class=\"swiper-slide-inner\"><img decoding=\"async\" class=\"swiper-slide-image\" src=\"https:\/\/deco.com.pl\/wp-content\/uploads\/2020\/01\/20180424_160022-scaled.jpg\" alt=\"20180424_160022\" \/><\/figure><\/div><div class=\"swiper-slide\"><figure class=\"swiper-slide-inner\"><img decoding=\"async\" class=\"swiper-slide-image\" src=\"https:\/\/deco.com.pl\/wp-content\/uploads\/2020\/01\/20180424_160035-scaled.jpg\" alt=\"20180424_160035\" \/><\/figure><\/div>\t\t\t<\/div>\n\t\t\t\t\t\t\t\t\t\t\t\t\t\t\t\t<div class=\"elementor-swiper-button elementor-swiper-button-prev\">\n\t\t\t\t\t\t<i class=\"eicon-chevron-left\" aria-hidden=\"true\"><\/i>\n\t\t\t\t\t\t<span class=\"elementor-screen-only\">Previous<\/span>\n\t\t\t\t\t<\/div>\n\t\t\t\t\t<div class=\"elementor-swiper-button elementor-swiper-button-next\">\n\t\t\t\t\t\t<i class=\"eicon-chevron-right\" aria-hidden=\"true\"><\/i>\n\t\t\t\t\t\t<span class=\"elementor-screen-only\">Next<\/span>\n\t\t\t\t\t<\/div>\n\t\t\t\t\t\t\t\t\t<\/div>\n\t\t\t\t<\/div>\n\t\t\t\t<\/div>\n\t\t\t\t\t\t<\/div>\n\t\t\t<\/div>\n\t\t<\/div>\n\t\t\t\t\t\t<\/div>\n\t\t\t<\/div>\n\t\t<\/section>\n\t\t\t\t\t\t<\/div>\n\t\t\t<\/div>\n\t\t<\/div>\n\t\t","protected":false},"excerpt":{"rendered":"<p>Deco to firma rodzinna za\u0142o\u017cona w roku 1996. Od tego czasu specjalizujemy si\u0119 w kompleksowej obs\u0142udze pokry\u0107 dachowych. Od pocz\u0105tku istnienia wsp\u00f3\u0142pracujemy z najwi\u0119kszymi producentami. Naszymi partnerami handlowymi s\u0105 takie firmy jak: Braas, Creaton, Roben, Erlus, Bogen, Ibf, Budmat, Bratex, Lindab, Roto, Velux, Dakea, Eurovent, IVT, MDM. Wysoka jako\u015b\u0107 oferowanych przez nas produkt\u00f3w oraz solidna [&hellip;]<\/p>\n","protected":false},"author":1,"featured_media":577,"parent":0,"menu_order":0,"comment_status":"closed","ping_status":"closed","template":"","meta":{"ocean_post_layout":"","ocean_both_sidebars_style":"","ocean_both_sidebars_content_width":0,"ocean_both_sidebars_sidebars_width":0,"ocean_sidebar":"0","ocean_second_sidebar":"0","ocean_disable_margins":"enable","ocean_add_body_class":"","ocean_shortcode_before_top_bar":"","ocean_shortcode_after_top_bar":"","ocean_shortcode_before_header":"","ocean_shortcode_after_header":"","ocean_has_shortcode":"","ocean_shortcode_after_title":"","ocean_shortcode_before_footer_widgets":"","ocean_shortcode_after_footer_widgets":"","ocean_shortcode_before_footer_bottom":"","ocean_shortcode_after_footer_bottom":"","ocean_display_top_bar":"default","ocean_display_header":"default","ocean_header_style":"","ocean_center_header_left_menu":"0","ocean_custom_header_template":"0","ocean_custom_logo":0,"ocean_custom_retina_logo":0,"ocean_custom_logo_max_width":0,"ocean_custom_logo_tablet_max_width":0,"ocean_custom_logo_mobile_max_width":0,"ocean_custom_logo_max_height":0,"ocean_custom_logo_tablet_max_height":0,"ocean_custom_logo_mobile_max_height":0,"ocean_header_custom_menu":"0","ocean_menu_typo_font_family":"0","ocean_menu_typo_font_subset":"","ocean_menu_typo_font_size":0,"ocean_menu_typo_font_size_tablet":0,"ocean_menu_typo_font_size_mobile":0,"ocean_menu_typo_font_size_unit":"px","ocean_menu_typo_font_weight":"","ocean_menu_typo_font_weight_tablet":"","ocean_menu_typo_font_weight_mobile":"","ocean_menu_typo_transform":"","ocean_menu_typo_transform_tablet":"","ocean_menu_typo_transform_mobile":"","ocean_menu_typo_line_height":0,"ocean_menu_typo_line_height_tablet":0,"ocean_menu_typo_line_height_mobile":0,"ocean_menu_typo_line_height_unit":"","ocean_menu_typo_spacing":0,"ocean_menu_typo_spacing_tablet":0,"ocean_menu_typo_spacing_mobile":0,"ocean_menu_typo_spacing_unit":"","ocean_menu_link_color":"","ocean_menu_link_color_hover":"","ocean_menu_link_color_active":"","ocean_menu_link_background":"","ocean_menu_link_hover_background":"","ocean_menu_link_active_background":"","ocean_menu_social_links_bg":"","ocean_menu_social_hover_links_bg":"","ocean_menu_social_links_color":"","ocean_menu_social_hover_links_color":"","ocean_disable_title":"default","ocean_disable_heading":"default","ocean_post_title":"","ocean_post_subheading":"","ocean_post_title_style":"background-image","ocean_post_title_background_color":"","ocean_post_title_background":582,"ocean_post_title_bg_image_position":"","ocean_post_title_bg_image_attachment":"","ocean_post_title_bg_image_repeat":"","ocean_post_title_bg_image_size":"auto","ocean_post_title_height":300,"ocean_post_title_bg_overlay":0.5,"ocean_post_title_bg_overlay_color":"","ocean_disable_breadcrumbs":"default","ocean_breadcrumbs_color":"","ocean_breadcrumbs_separator_color":"","ocean_breadcrumbs_links_color":"","ocean_breadcrumbs_links_hover_color":"","ocean_display_footer_widgets":"default","ocean_display_footer_bottom":"default","ocean_custom_footer_template":"0","footnotes":""},"yoast_head":"<!-- This site is optimized with the Yoast SEO plugin v22.3 - https:\/\/yoast.com\/wordpress\/plugins\/seo\/ -->\n<title>O FIRMIE - Mamy wszystko na tw\u00f3j dach<\/title>\n<meta name=\"robots\" content=\"index, follow, max-snippet:-1, max-image-preview:large, max-video-preview:-1\" \/>\n<link rel=\"canonical\" href=\"https:\/\/deco.com.pl\/index.php\/o-firmie\/\" \/>\n<meta property=\"og:locale\" content=\"pl_PL\" \/>\n<meta property=\"og:type\" content=\"article\" \/>\n<meta property=\"og:title\" content=\"O FIRMIE - Mamy wszystko na tw\u00f3j dach\" \/>\n<meta property=\"og:description\" content=\"Deco to firma rodzinna za\u0142o\u017cona w roku 1996. Od tego czasu specjalizujemy si\u0119 w kompleksowej obs\u0142udze pokry\u0107 dachowych. Od pocz\u0105tku istnienia wsp\u00f3\u0142pracujemy z najwi\u0119kszymi producentami. Naszymi partnerami handlowymi s\u0105 takie firmy jak: Braas, Creaton, Roben, Erlus, Bogen, Ibf, Budmat, Bratex, Lindab, Roto, Velux, Dakea, Eurovent, IVT, MDM. Wysoka jako\u015b\u0107 oferowanych przez nas produkt\u00f3w oraz solidna [&hellip;]\" \/>\n<meta property=\"og:url\" content=\"https:\/\/deco.com.pl\/index.php\/o-firmie\/\" \/>\n<meta property=\"og:site_name\" content=\"Mamy wszystko na tw\u00f3j dach\" \/>\n<meta property=\"article:publisher\" content=\"https:\/\/www.facebook.com\/decodachy\" \/>\n<meta property=\"article:modified_time\" content=\"2024-05-08T08:23:02+00:00\" \/>\n<meta property=\"og:image\" content=\"https:\/\/deco.com.pl\/wp-content\/uploads\/2020\/01\/OE7GQ10-scaled-e1578676941177.jpg\" \/>\n\t<meta property=\"og:image:width\" content=\"2560\" \/>\n\t<meta property=\"og:image:height\" content=\"1702\" \/>\n\t<meta property=\"og:image:type\" content=\"image\/jpeg\" \/>\n<meta name=\"twitter:card\" content=\"summary_large_image\" \/>\n<meta name=\"twitter:label1\" content=\"Szacowany czas czytania\" \/>\n\t<meta name=\"twitter:data1\" content=\"1 minuta\" \/>\n<script type=\"application\/ld+json\" class=\"yoast-schema-graph\">{\"@context\":\"https:\/\/schema.org\",\"@graph\":[{\"@type\":\"WebPage\",\"@id\":\"https:\/\/deco.com.pl\/index.php\/o-firmie\/\",\"url\":\"https:\/\/deco.com.pl\/index.php\/o-firmie\/\",\"name\":\"O FIRMIE - Mamy wszystko na tw\u00f3j dach\",\"isPartOf\":{\"@id\":\"https:\/\/deco.com.pl\/#website\"},\"primaryImageOfPage\":{\"@id\":\"https:\/\/deco.com.pl\/index.php\/o-firmie\/#primaryimage\"},\"image\":{\"@id\":\"https:\/\/deco.com.pl\/index.php\/o-firmie\/#primaryimage\"},\"thumbnailUrl\":\"https:\/\/deco.com.pl\/wp-content\/uploads\/2020\/01\/OE7GQ10-scaled-e1578676941177.jpg\",\"datePublished\":\"2020-01-10T17:16:55+00:00\",\"dateModified\":\"2024-05-08T08:23:02+00:00\",\"breadcrumb\":{\"@id\":\"https:\/\/deco.com.pl\/index.php\/o-firmie\/#breadcrumb\"},\"inLanguage\":\"pl-PL\",\"potentialAction\":[{\"@type\":\"ReadAction\",\"target\":[\"https:\/\/deco.com.pl\/index.php\/o-firmie\/\"]}]},{\"@type\":\"ImageObject\",\"inLanguage\":\"pl-PL\",\"@id\":\"https:\/\/deco.com.pl\/index.php\/o-firmie\/#primaryimage\",\"url\":\"https:\/\/deco.com.pl\/wp-content\/uploads\/2020\/01\/OE7GQ10-scaled-e1578676941177.jpg\",\"contentUrl\":\"https:\/\/deco.com.pl\/wp-content\/uploads\/2020\/01\/OE7GQ10-scaled-e1578676941177.jpg\",\"width\":2560,\"height\":1702},{\"@type\":\"BreadcrumbList\",\"@id\":\"https:\/\/deco.com.pl\/index.php\/o-firmie\/#breadcrumb\",\"itemListElement\":[{\"@type\":\"ListItem\",\"position\":1,\"name\":\"Strona g\u0142\u00f3wna\",\"item\":\"https:\/\/deco.com.pl\/\"},{\"@type\":\"ListItem\",\"position\":2,\"name\":\"O FIRMIE\"}]},{\"@type\":\"WebSite\",\"@id\":\"https:\/\/deco.com.pl\/#website\",\"url\":\"https:\/\/deco.com.pl\/\",\"name\":\"Mamy wszystko na tw\u00f3j dach\",\"description\":\"DECO Pokrycia Dachowe\",\"publisher\":{\"@id\":\"https:\/\/deco.com.pl\/#organization\"},\"potentialAction\":[{\"@type\":\"SearchAction\",\"target\":{\"@type\":\"EntryPoint\",\"urlTemplate\":\"https:\/\/deco.com.pl\/?s={search_term_string}\"},\"query-input\":\"required name=search_term_string\"}],\"inLanguage\":\"pl-PL\"},{\"@type\":\"Organization\",\"@id\":\"https:\/\/deco.com.pl\/#organization\",\"name\":\"Mamy wszystko na tw\u00f3j dach\",\"url\":\"https:\/\/deco.com.pl\/\",\"logo\":{\"@type\":\"ImageObject\",\"inLanguage\":\"pl-PL\",\"@id\":\"https:\/\/deco.com.pl\/#\/schema\/logo\/image\/\",\"url\":\"https:\/\/deco.com.pl\/wp-content\/uploads\/2020\/01\/cropped-logotlo2.png\",\"contentUrl\":\"https:\/\/deco.com.pl\/wp-content\/uploads\/2020\/01\/cropped-logotlo2.png\",\"width\":1206,\"height\":330,\"caption\":\"Mamy wszystko na tw\u00f3j dach\"},\"image\":{\"@id\":\"https:\/\/deco.com.pl\/#\/schema\/logo\/image\/\"},\"sameAs\":[\"https:\/\/www.facebook.com\/decodachy\"]}]}<\/script>\n<!-- \/ Yoast SEO plugin. -->","yoast_head_json":{"title":"O FIRMIE - Mamy wszystko na tw\u00f3j dach","robots":{"index":"index","follow":"follow","max-snippet":"max-snippet:-1","max-image-preview":"max-image-preview:large","max-video-preview":"max-video-preview:-1"},"canonical":"https:\/\/deco.com.pl\/index.php\/o-firmie\/","og_locale":"pl_PL","og_type":"article","og_title":"O FIRMIE - Mamy wszystko na tw\u00f3j dach","og_description":"Deco to firma rodzinna za\u0142o\u017cona w roku 1996. Od tego czasu specjalizujemy si\u0119 w kompleksowej obs\u0142udze pokry\u0107 dachowych. Od pocz\u0105tku istnienia wsp\u00f3\u0142pracujemy z najwi\u0119kszymi producentami. Naszymi partnerami handlowymi s\u0105 takie firmy jak: Braas, Creaton, Roben, Erlus, Bogen, Ibf, Budmat, Bratex, Lindab, Roto, Velux, Dakea, Eurovent, IVT, MDM. Wysoka jako\u015b\u0107 oferowanych przez nas produkt\u00f3w oraz solidna [&hellip;]","og_url":"https:\/\/deco.com.pl\/index.php\/o-firmie\/","og_site_name":"Mamy wszystko na tw\u00f3j dach","article_publisher":"https:\/\/www.facebook.com\/decodachy","article_modified_time":"2024-05-08T08:23:02+00:00","og_image":[{"width":2560,"height":1702,"url":"https:\/\/deco.com.pl\/wp-content\/uploads\/2020\/01\/OE7GQ10-scaled-e1578676941177.jpg","type":"image\/jpeg"}],"twitter_card":"summary_large_image","twitter_misc":{"Szacowany czas czytania":"1 minuta"},"schema":{"@context":"https:\/\/schema.org","@graph":[{"@type":"WebPage","@id":"https:\/\/deco.com.pl\/index.php\/o-firmie\/","url":"https:\/\/deco.com.pl\/index.php\/o-firmie\/","name":"O FIRMIE - Mamy wszystko na tw\u00f3j dach","isPartOf":{"@id":"https:\/\/deco.com.pl\/#website"},"primaryImageOfPage":{"@id":"https:\/\/deco.com.pl\/index.php\/o-firmie\/#primaryimage"},"image":{"@id":"https:\/\/deco.com.pl\/index.php\/o-firmie\/#primaryimage"},"thumbnailUrl":"https:\/\/deco.com.pl\/wp-content\/uploads\/2020\/01\/OE7GQ10-scaled-e1578676941177.jpg","datePublished":"2020-01-10T17:16:55+00:00","dateModified":"2024-05-08T08:23:02+00:00","breadcrumb":{"@id":"https:\/\/deco.com.pl\/index.php\/o-firmie\/#breadcrumb"},"inLanguage":"pl-PL","potentialAction":[{"@type":"ReadAction","target":["https:\/\/deco.com.pl\/index.php\/o-firmie\/"]}]},{"@type":"ImageObject","inLanguage":"pl-PL","@id":"https:\/\/deco.com.pl\/index.php\/o-firmie\/#primaryimage","url":"https:\/\/deco.com.pl\/wp-content\/uploads\/2020\/01\/OE7GQ10-scaled-e1578676941177.jpg","contentUrl":"https:\/\/deco.com.pl\/wp-content\/uploads\/2020\/01\/OE7GQ10-scaled-e1578676941177.jpg","width":2560,"height":1702},{"@type":"BreadcrumbList","@id":"https:\/\/deco.com.pl\/index.php\/o-firmie\/#breadcrumb","itemListElement":[{"@type":"ListItem","position":1,"name":"Strona g\u0142\u00f3wna","item":"https:\/\/deco.com.pl\/"},{"@type":"ListItem","position":2,"name":"O FIRMIE"}]},{"@type":"WebSite","@id":"https:\/\/deco.com.pl\/#website","url":"https:\/\/deco.com.pl\/","name":"Mamy wszystko na tw\u00f3j dach","description":"DECO Pokrycia Dachowe","publisher":{"@id":"https:\/\/deco.com.pl\/#organization"},"potentialAction":[{"@type":"SearchAction","target":{"@type":"EntryPoint","urlTemplate":"https:\/\/deco.com.pl\/?s={search_term_string}"},"query-input":"required name=search_term_string"}],"inLanguage":"pl-PL"},{"@type":"Organization","@id":"https:\/\/deco.com.pl\/#organization","name":"Mamy wszystko na tw\u00f3j dach","url":"https:\/\/deco.com.pl\/","logo":{"@type":"ImageObject","inLanguage":"pl-PL","@id":"https:\/\/deco.com.pl\/#\/schema\/logo\/image\/","url":"https:\/\/deco.com.pl\/wp-content\/uploads\/2020\/01\/cropped-logotlo2.png","contentUrl":"https:\/\/deco.com.pl\/wp-content\/uploads\/2020\/01\/cropped-logotlo2.png","width":1206,"height":330,"caption":"Mamy wszystko na tw\u00f3j dach"},"image":{"@id":"https:\/\/deco.com.pl\/#\/schema\/logo\/image\/"},"sameAs":["https:\/\/www.facebook.com\/decodachy"]}]}},"_links":{"self":[{"href":"https:\/\/deco.com.pl\/index.php\/wp-json\/wp\/v2\/pages\/573"}],"collection":[{"href":"https:\/\/deco.com.pl\/index.php\/wp-json\/wp\/v2\/pages"}],"about":[{"href":"https:\/\/deco.com.pl\/index.php\/wp-json\/wp\/v2\/types\/page"}],"author":[{"embeddable":true,"href":"https:\/\/deco.com.pl\/index.php\/wp-json\/wp\/v2\/users\/1"}],"replies":[{"embeddable":true,"href":"https:\/\/deco.com.pl\/index.php\/wp-json\/wp\/v2\/comments?post=573"}],"version-history":[{"count":4,"href":"https:\/\/deco.com.pl\/index.php\/wp-json\/wp\/v2\/pages\/573\/revisions"}],"predecessor-version":[{"id":1354,"href":"https:\/\/deco.com.pl\/index.php\/wp-json\/wp\/v2\/pages\/573\/revisions\/1354"}],"wp:featuredmedia":[{"embeddable":true,"href":"https:\/\/deco.com.pl\/index.php\/wp-json\/wp\/v2\/media\/577"}],"wp:attachment":[{"href":"https:\/\/deco.com.pl\/index.php\/wp-json\/wp\/v2\/media?parent=573"}],"curies":[{"name":"wp","href":"https:\/\/api.w.org\/{rel}","templated":true}]}}