{"id":610,"date":"2020-01-12T20:39:01","date_gmt":"2020-01-12T19:39:01","guid":{"rendered":"http:\/\/deco.com.pl\/?page_id=610"},"modified":"2020-02-03T21:26:56","modified_gmt":"2020-02-03T20:26:56","slug":"oferta","status":"publish","type":"page","link":"https:\/\/deco.com.pl\/index.php\/oferta\/","title":{"rendered":"OFERTA"},"content":{"rendered":"\t\t<div data-elementor-type=\"wp-page\" data-elementor-id=\"610\" class=\"elementor elementor-610\" data-elementor-settings=\"[]\">\n\t\t\t<div class=\"elementor-inner\">\n\t\t\t\t<div class=\"elementor-section-wrap\">\n\t\t\t\t\t\t\t<section class=\"elementor-element elementor-element-4d79b0f elementor-section-boxed elementor-section-height-default elementor-section-height-default elementor-section elementor-top-section\" data-id=\"4d79b0f\" data-element_type=\"section\">\n\t\t\t\t\t\t<div class=\"elementor-container elementor-column-gap-default\">\n\t\t\t\t<div class=\"elementor-row\">\n\t\t\t\t<div class=\"elementor-element elementor-element-2079418 elementor-column elementor-col-100 elementor-top-column\" data-id=\"2079418\" data-element_type=\"column\">\n\t\t\t<div class=\"elementor-column-wrap  elementor-element-populated\">\n\t\t\t\t\t<div class=\"elementor-widget-wrap\">\n\t\t\t\t<div class=\"elementor-element elementor-element-4cf4c03 elementor-widget elementor-widget-heading\" data-id=\"4cf4c03\" data-element_type=\"widget\" data-widget_type=\"heading.default\">\n\t\t\t\t<div class=\"elementor-widget-container\">\n\t\t\t<h2 class=\"elementor-heading-title elementor-size-default\">Zapoznaj si\u0119 z nasz\u0105 ofert\u0105<\/h2>\t\t<\/div>\n\t\t\t\t<\/div>\n\t\t\t\t<section class=\"elementor-element elementor-element-8c31bb0 elementor-section-boxed elementor-section-height-default elementor-section-height-default elementor-section elementor-inner-section\" data-id=\"8c31bb0\" data-element_type=\"section\">\n\t\t\t\t\t\t<div class=\"elementor-container elementor-column-gap-default\">\n\t\t\t\t<div class=\"elementor-row\">\n\t\t\t\t<div class=\"elementor-element elementor-element-fe39ad2 elementor-column elementor-col-50 elementor-inner-column\" data-id=\"fe39ad2\" data-element_type=\"column\">\n\t\t\t<div class=\"elementor-column-wrap  elementor-element-populated\">\n\t\t\t\t\t<div class=\"elementor-widget-wrap\">\n\t\t\t\t<div class=\"elementor-element elementor-element-ec4bebe elementor-widget elementor-widget-image\" data-id=\"ec4bebe\" data-element_type=\"widget\" data-widget_type=\"image.default\">\n\t\t\t\t<div class=\"elementor-widget-container\">\n\t\t\t\t\t<div class=\"elementor-image\">\n\t\t\t\t\t\t\t\t\t\t\t<a data-elementor-open-lightbox=\"\" href=\"\/index.php\/oferta\/dachowki-ceramiczne\/\">\n\t\t\t\t\t\t\t<img loading=\"lazy\" decoding=\"async\" width=\"525\" height=\"350\" src=\"https:\/\/deco.com.pl\/wp-content\/uploads\/2020\/01\/DACHOWKI-CERAMICZNE-TEKST.png\" class=\"elementor-animation-grow attachment-large size-large\" alt=\"\" srcset=\"https:\/\/deco.com.pl\/wp-content\/uploads\/2020\/01\/DACHOWKI-CERAMICZNE-TEKST.png 525w, https:\/\/deco.com.pl\/wp-content\/uploads\/2020\/01\/DACHOWKI-CERAMICZNE-TEKST-300x200.png 300w\" sizes=\"(max-width: 525px) 100vw, 525px\" \/>\t\t\t\t\t\t\t\t<\/a>\n\t\t\t\t\t\t\t\t\t\t\t<\/div>\n\t\t\t\t<\/div>\n\t\t\t\t<\/div>\n\t\t\t\t<div class=\"elementor-element elementor-element-ed3123f elementor-widget elementor-widget-image\" data-id=\"ed3123f\" data-element_type=\"widget\" data-widget_type=\"image.default\">\n\t\t\t\t<div class=\"elementor-widget-container\">\n\t\t\t\t\t<div class=\"elementor-image\">\n\t\t\t\t\t\t\t\t\t\t\t<a data-elementor-open-lightbox=\"\" href=\"\/index.php\/oferta\/gonty-bitumiczne\/\">\n\t\t\t\t\t\t\t<img loading=\"lazy\" decoding=\"async\" width=\"525\" height=\"350\" src=\"https:\/\/deco.com.pl\/wp-content\/uploads\/2020\/01\/gont-TEKST.png\" class=\"elementor-animation-grow attachment-large size-large\" alt=\"\" srcset=\"https:\/\/deco.com.pl\/wp-content\/uploads\/2020\/01\/gont-TEKST.png 525w, https:\/\/deco.com.pl\/wp-content\/uploads\/2020\/01\/gont-TEKST-300x200.png 300w\" sizes=\"(max-width: 525px) 100vw, 525px\" \/>\t\t\t\t\t\t\t\t<\/a>\n\t\t\t\t\t\t\t\t\t\t\t<\/div>\n\t\t\t\t<\/div>\n\t\t\t\t<\/div>\n\t\t\t\t<div class=\"elementor-element elementor-element-3420b8b elementor-widget elementor-widget-image\" data-id=\"3420b8b\" data-element_type=\"widget\" data-widget_type=\"image.default\">\n\t\t\t\t<div class=\"elementor-widget-container\">\n\t\t\t\t\t<div class=\"elementor-image\">\n\t\t\t\t\t\t\t\t\t\t\t<a data-elementor-open-lightbox=\"\" href=\"\/index.php\/oferta\/okna-dachowe\/\">\n\t\t\t\t\t\t\t<img loading=\"lazy\" decoding=\"async\" width=\"525\" height=\"350\" src=\"https:\/\/deco.com.pl\/wp-content\/uploads\/2020\/01\/okno-dachowe-TEKST.png\" class=\"elementor-animation-grow attachment-large size-large\" alt=\"\" srcset=\"https:\/\/deco.com.pl\/wp-content\/uploads\/2020\/01\/okno-dachowe-TEKST.png 525w, https:\/\/deco.com.pl\/wp-content\/uploads\/2020\/01\/okno-dachowe-TEKST-300x200.png 300w\" sizes=\"(max-width: 525px) 100vw, 525px\" \/>\t\t\t\t\t\t\t\t<\/a>\n\t\t\t\t\t\t\t\t\t\t\t<\/div>\n\t\t\t\t<\/div>\n\t\t\t\t<\/div>\n\t\t\t\t<div class=\"elementor-element elementor-element-9a05577 elementor-widget elementor-widget-image\" data-id=\"9a05577\" data-element_type=\"widget\" data-widget_type=\"image.default\">\n\t\t\t\t<div class=\"elementor-widget-container\">\n\t\t\t\t\t<div class=\"elementor-image\">\n\t\t\t\t\t\t\t\t\t\t\t<a data-elementor-open-lightbox=\"\" href=\"\/index.php\/oferta\/akcesoria-dachowe\/\">\n\t\t\t\t\t\t\t<img loading=\"lazy\" decoding=\"async\" width=\"525\" height=\"350\" src=\"https:\/\/deco.com.pl\/wp-content\/uploads\/2020\/01\/akcesoria-dachowe-TEKST.png\" class=\"elementor-animation-grow attachment-large size-large\" alt=\"\" srcset=\"https:\/\/deco.com.pl\/wp-content\/uploads\/2020\/01\/akcesoria-dachowe-TEKST.png 525w, https:\/\/deco.com.pl\/wp-content\/uploads\/2020\/01\/akcesoria-dachowe-TEKST-300x200.png 300w\" sizes=\"(max-width: 525px) 100vw, 525px\" \/>\t\t\t\t\t\t\t\t<\/a>\n\t\t\t\t\t\t\t\t\t\t\t<\/div>\n\t\t\t\t<\/div>\n\t\t\t\t<\/div>\n\t\t\t\t<div class=\"elementor-element elementor-element-9d094b2 elementor-widget elementor-widget-image\" data-id=\"9d094b2\" data-element_type=\"widget\" data-widget_type=\"image.default\">\n\t\t\t\t<div class=\"elementor-widget-container\">\n\t\t\t\t\t<div class=\"elementor-image\">\n\t\t\t\t\t\t\t\t\t\t\t<a data-elementor-open-lightbox=\"\" href=\"\/index.php\/oferta\/klinkier\/\">\n\t\t\t\t\t\t\t<img loading=\"lazy\" decoding=\"async\" width=\"525\" height=\"350\" src=\"https:\/\/deco.com.pl\/wp-content\/uploads\/2020\/01\/klinkier.png\" class=\"elementor-animation-grow attachment-large size-large\" alt=\"\" srcset=\"https:\/\/deco.com.pl\/wp-content\/uploads\/2020\/01\/klinkier.png 525w, https:\/\/deco.com.pl\/wp-content\/uploads\/2020\/01\/klinkier-300x200.png 300w\" sizes=\"(max-width: 525px) 100vw, 525px\" \/>\t\t\t\t\t\t\t\t<\/a>\n\t\t\t\t\t\t\t\t\t\t\t<\/div>\n\t\t\t\t<\/div>\n\t\t\t\t<\/div>\n\t\t\t\t\t\t<\/div>\n\t\t\t<\/div>\n\t\t<\/div>\n\t\t\t\t<div class=\"elementor-element elementor-element-ef7536e elementor-column elementor-col-50 elementor-inner-column\" data-id=\"ef7536e\" data-element_type=\"column\">\n\t\t\t<div class=\"elementor-column-wrap  elementor-element-populated\">\n\t\t\t\t\t<div class=\"elementor-widget-wrap\">\n\t\t\t\t<div class=\"elementor-element elementor-element-e2be2b5 elementor-widget elementor-widget-image\" data-id=\"e2be2b5\" data-element_type=\"widget\" data-widget_type=\"image.default\">\n\t\t\t\t<div class=\"elementor-widget-container\">\n\t\t\t\t\t<div class=\"elementor-image\">\n\t\t\t\t\t\t\t\t\t\t\t<a data-elementor-open-lightbox=\"\" href=\"\/index.php\/oferta\/dachowki-betonowe\/\">\n\t\t\t\t\t\t\t<img loading=\"lazy\" decoding=\"async\" width=\"525\" height=\"350\" src=\"https:\/\/deco.com.pl\/wp-content\/uploads\/2020\/01\/dachowka-betonowa-TEKST.png\" class=\"elementor-animation-grow attachment-large size-large\" alt=\"\" srcset=\"https:\/\/deco.com.pl\/wp-content\/uploads\/2020\/01\/dachowka-betonowa-TEKST.png 525w, https:\/\/deco.com.pl\/wp-content\/uploads\/2020\/01\/dachowka-betonowa-TEKST-300x200.png 300w\" sizes=\"(max-width: 525px) 100vw, 525px\" \/>\t\t\t\t\t\t\t\t<\/a>\n\t\t\t\t\t\t\t\t\t\t\t<\/div>\n\t\t\t\t<\/div>\n\t\t\t\t<\/div>\n\t\t\t\t<div class=\"elementor-element elementor-element-625091c elementor-widget elementor-widget-image\" data-id=\"625091c\" data-element_type=\"widget\" data-widget_type=\"image.default\">\n\t\t\t\t<div class=\"elementor-widget-container\">\n\t\t\t\t\t<div class=\"elementor-image\">\n\t\t\t\t\t\t\t\t\t\t\t<a data-elementor-open-lightbox=\"\" href=\"\/index.php\/oferta\/blachodachowki\/\">\n\t\t\t\t\t\t\t<img loading=\"lazy\" decoding=\"async\" width=\"525\" height=\"350\" src=\"https:\/\/deco.com.pl\/wp-content\/uploads\/2020\/01\/blachodachowka-tekst1.png\" class=\"elementor-animation-grow attachment-large size-large\" alt=\"\" srcset=\"https:\/\/deco.com.pl\/wp-content\/uploads\/2020\/01\/blachodachowka-tekst1.png 525w, https:\/\/deco.com.pl\/wp-content\/uploads\/2020\/01\/blachodachowka-tekst1-300x200.png 300w\" sizes=\"(max-width: 525px) 100vw, 525px\" \/>\t\t\t\t\t\t\t\t<\/a>\n\t\t\t\t\t\t\t\t\t\t\t<\/div>\n\t\t\t\t<\/div>\n\t\t\t\t<\/div>\n\t\t\t\t<div class=\"elementor-element elementor-element-e6e5a63 elementor-widget elementor-widget-image\" data-id=\"e6e5a63\" data-element_type=\"widget\" data-widget_type=\"image.default\">\n\t\t\t\t<div class=\"elementor-widget-container\">\n\t\t\t\t\t<div class=\"elementor-image\">\n\t\t\t\t\t\t\t\t\t\t\t<a data-elementor-open-lightbox=\"\" href=\"\/index.php\/oferta\/folie-dachowe\/\">\n\t\t\t\t\t\t\t<img loading=\"lazy\" decoding=\"async\" width=\"525\" height=\"350\" src=\"https:\/\/deco.com.pl\/wp-content\/uploads\/2020\/01\/folia-dachowa-TEKST.png\" class=\"elementor-animation-grow attachment-large size-large\" alt=\"\" srcset=\"https:\/\/deco.com.pl\/wp-content\/uploads\/2020\/01\/folia-dachowa-TEKST.png 525w, https:\/\/deco.com.pl\/wp-content\/uploads\/2020\/01\/folia-dachowa-TEKST-300x200.png 300w\" sizes=\"(max-width: 525px) 100vw, 525px\" \/>\t\t\t\t\t\t\t\t<\/a>\n\t\t\t\t\t\t\t\t\t\t\t<\/div>\n\t\t\t\t<\/div>\n\t\t\t\t<\/div>\n\t\t\t\t<div class=\"elementor-element elementor-element-fddce5a elementor-widget elementor-widget-image\" data-id=\"fddce5a\" data-element_type=\"widget\" data-widget_type=\"image.default\">\n\t\t\t\t<div class=\"elementor-widget-container\">\n\t\t\t\t\t<div class=\"elementor-image\">\n\t\t\t\t\t\t\t\t\t\t\t<a data-elementor-open-lightbox=\"\" href=\"\/index.php\/oferta\/systemy-rynnowe\/\">\n\t\t\t\t\t\t\t<img loading=\"lazy\" decoding=\"async\" width=\"525\" height=\"350\" src=\"https:\/\/deco.com.pl\/wp-content\/uploads\/2020\/01\/rynny-TEKST.png\" class=\"elementor-animation-grow attachment-large size-large\" alt=\"\" srcset=\"https:\/\/deco.com.pl\/wp-content\/uploads\/2020\/01\/rynny-TEKST.png 525w, https:\/\/deco.com.pl\/wp-content\/uploads\/2020\/01\/rynny-TEKST-300x200.png 300w\" sizes=\"(max-width: 525px) 100vw, 525px\" \/>\t\t\t\t\t\t\t\t<\/a>\n\t\t\t\t\t\t\t\t\t\t\t<\/div>\n\t\t\t\t<\/div>\n\t\t\t\t<\/div>\n\t\t\t\t<div class=\"elementor-element elementor-element-8cf99d7 elementor-widget elementor-widget-image\" data-id=\"8cf99d7\" data-element_type=\"widget\" data-widget_type=\"image.default\">\n\t\t\t\t<div class=\"elementor-widget-container\">\n\t\t\t\t\t<div class=\"elementor-image\">\n\t\t\t\t\t\t\t\t\t\t\t<a data-elementor-open-lightbox=\"\" href=\"\/index.php\/oferta\/papy-termozgrzewalne\/\">\n\t\t\t\t\t\t\t<img loading=\"lazy\" decoding=\"async\" width=\"525\" height=\"350\" src=\"https:\/\/deco.com.pl\/wp-content\/uploads\/2020\/01\/papa.png\" class=\"elementor-animation-grow attachment-large size-large\" alt=\"\" srcset=\"https:\/\/deco.com.pl\/wp-content\/uploads\/2020\/01\/papa.png 525w, https:\/\/deco.com.pl\/wp-content\/uploads\/2020\/01\/papa-300x200.png 300w\" sizes=\"(max-width: 525px) 100vw, 525px\" \/>\t\t\t\t\t\t\t\t<\/a>\n\t\t\t\t\t\t\t\t\t\t\t<\/div>\n\t\t\t\t<\/div>\n\t\t\t\t<\/div>\n\t\t\t\t\t\t<\/div>\n\t\t\t<\/div>\n\t\t<\/div>\n\t\t\t\t\t\t<\/div>\n\t\t\t<\/div>\n\t\t<\/section>\n\t\t\t\t\t\t<\/div>\n\t\t\t<\/div>\n\t\t<\/div>\n\t\t\t\t\t\t<\/div>\n\t\t\t<\/div>\n\t\t<\/section>\n\t\t\t\t\t\t<\/div>\n\t\t\t<\/div>\n\t\t<\/div>\n\t\t","protected":false},"excerpt":{"rendered":"<p>Zapoznaj si\u0119 z nasz\u0105 ofert\u0105<\/p>\n","protected":false},"author":1,"featured_media":0,"parent":0,"menu_order":0,"comment_status":"closed","ping_status":"closed","template":"","meta":{"ocean_post_layout":"left-sidebar","ocean_both_sidebars_style":"","ocean_both_sidebars_content_width":0,"ocean_both_sidebars_sidebars_width":0,"ocean_sidebar":"sidebar-2","ocean_second_sidebar":"0","ocean_disable_margins":"enable","ocean_add_body_class":"","ocean_shortcode_before_top_bar":"","ocean_shortcode_after_top_bar":"","ocean_shortcode_before_header":"","ocean_shortcode_after_header":"","ocean_has_shortcode":"","ocean_shortcode_after_title":"","ocean_shortcode_before_footer_widgets":"","ocean_shortcode_after_footer_widgets":"","ocean_shortcode_before_footer_bottom":"","ocean_shortcode_after_footer_bottom":"","ocean_display_top_bar":"default","ocean_display_header":"default","ocean_header_style":"","ocean_center_header_left_menu":"0","ocean_custom_header_template":"0","ocean_custom_logo":0,"ocean_custom_retina_logo":0,"ocean_custom_logo_max_width":0,"ocean_custom_logo_tablet_max_width":0,"ocean_custom_logo_mobile_max_width":0,"ocean_custom_logo_max_height":0,"ocean_custom_logo_tablet_max_height":0,"ocean_custom_logo_mobile_max_height":0,"ocean_header_custom_menu":"0","ocean_menu_typo_font_family":"0","ocean_menu_typo_font_subset":"","ocean_menu_typo_font_size":0,"ocean_menu_typo_font_size_tablet":0,"ocean_menu_typo_font_size_mobile":0,"ocean_menu_typo_font_size_unit":"px","ocean_menu_typo_font_weight":"","ocean_menu_typo_font_weight_tablet":"","ocean_menu_typo_font_weight_mobile":"","ocean_menu_typo_transform":"","ocean_menu_typo_transform_tablet":"","ocean_menu_typo_transform_mobile":"","ocean_menu_typo_line_height":0,"ocean_menu_typo_line_height_tablet":0,"ocean_menu_typo_line_height_mobile":0,"ocean_menu_typo_line_height_unit":"","ocean_menu_typo_spacing":0,"ocean_menu_typo_spacing_tablet":0,"ocean_menu_typo_spacing_mobile":0,"ocean_menu_typo_spacing_unit":"","ocean_menu_link_color":"","ocean_menu_link_color_hover":"","ocean_menu_link_color_active":"","ocean_menu_link_background":"","ocean_menu_link_hover_background":"","ocean_menu_link_active_background":"","ocean_menu_social_links_bg":"","ocean_menu_social_hover_links_bg":"","ocean_menu_social_links_color":"","ocean_menu_social_hover_links_color":"","ocean_disable_title":"default","ocean_disable_heading":"default","ocean_post_title":"","ocean_post_subheading":"","ocean_post_title_style":"background-image","ocean_post_title_background_color":"","ocean_post_title_background":611,"ocean_post_title_bg_image_position":"","ocean_post_title_bg_image_attachment":"","ocean_post_title_bg_image_repeat":"","ocean_post_title_bg_image_size":"auto","ocean_post_title_height":300,"ocean_post_title_bg_overlay":0.5,"ocean_post_title_bg_overlay_color":"","ocean_disable_breadcrumbs":"default","ocean_breadcrumbs_color":"","ocean_breadcrumbs_separator_color":"","ocean_breadcrumbs_links_color":"","ocean_breadcrumbs_links_hover_color":"","ocean_display_footer_widgets":"default","ocean_display_footer_bottom":"default","ocean_custom_footer_template":"0","footnotes":""},"yoast_head":"<!-- This site is optimized with the Yoast SEO plugin v22.3 - https:\/\/yoast.com\/wordpress\/plugins\/seo\/ -->\n<title>OFERTA - Mamy wszystko na tw\u00f3j dach<\/title>\n<meta name=\"robots\" content=\"index, follow, max-snippet:-1, max-image-preview:large, max-video-preview:-1\" \/>\n<link rel=\"canonical\" href=\"https:\/\/deco.com.pl\/index.php\/oferta\/\" \/>\n<meta property=\"og:locale\" content=\"pl_PL\" \/>\n<meta property=\"og:type\" content=\"article\" \/>\n<meta property=\"og:title\" content=\"OFERTA - Mamy wszystko na tw\u00f3j dach\" \/>\n<meta property=\"og:description\" content=\"Zapoznaj si\u0119 z nasz\u0105 ofert\u0105\" \/>\n<meta property=\"og:url\" content=\"https:\/\/deco.com.pl\/index.php\/oferta\/\" \/>\n<meta property=\"og:site_name\" content=\"Mamy wszystko na tw\u00f3j dach\" \/>\n<meta property=\"article:publisher\" content=\"https:\/\/www.facebook.com\/decodachy\" \/>\n<meta property=\"article:modified_time\" content=\"2020-02-03T20:26:56+00:00\" \/>\n<meta property=\"og:image\" content=\"http:\/\/deco.com.pl\/wp-content\/uploads\/2020\/01\/DACHOWKI-CERAMICZNE-TEKST.png\" \/>\n<meta name=\"twitter:card\" content=\"summary_large_image\" \/>\n<script type=\"application\/ld+json\" class=\"yoast-schema-graph\">{\"@context\":\"https:\/\/schema.org\",\"@graph\":[{\"@type\":\"WebPage\",\"@id\":\"https:\/\/deco.com.pl\/index.php\/oferta\/\",\"url\":\"https:\/\/deco.com.pl\/index.php\/oferta\/\",\"name\":\"OFERTA - Mamy wszystko na tw\u00f3j dach\",\"isPartOf\":{\"@id\":\"https:\/\/deco.com.pl\/#website\"},\"primaryImageOfPage\":{\"@id\":\"https:\/\/deco.com.pl\/index.php\/oferta\/#primaryimage\"},\"image\":{\"@id\":\"https:\/\/deco.com.pl\/index.php\/oferta\/#primaryimage\"},\"thumbnailUrl\":\"http:\/\/deco.com.pl\/wp-content\/uploads\/2020\/01\/DACHOWKI-CERAMICZNE-TEKST.png\",\"datePublished\":\"2020-01-12T19:39:01+00:00\",\"dateModified\":\"2020-02-03T20:26:56+00:00\",\"breadcrumb\":{\"@id\":\"https:\/\/deco.com.pl\/index.php\/oferta\/#breadcrumb\"},\"inLanguage\":\"pl-PL\",\"potentialAction\":[{\"@type\":\"ReadAction\",\"target\":[\"https:\/\/deco.com.pl\/index.php\/oferta\/\"]}]},{\"@type\":\"ImageObject\",\"inLanguage\":\"pl-PL\",\"@id\":\"https:\/\/deco.com.pl\/index.php\/oferta\/#primaryimage\",\"url\":\"http:\/\/deco.com.pl\/wp-content\/uploads\/2020\/01\/DACHOWKI-CERAMICZNE-TEKST.png\",\"contentUrl\":\"http:\/\/deco.com.pl\/wp-content\/uploads\/2020\/01\/DACHOWKI-CERAMICZNE-TEKST.png\"},{\"@type\":\"BreadcrumbList\",\"@id\":\"https:\/\/deco.com.pl\/index.php\/oferta\/#breadcrumb\",\"itemListElement\":[{\"@type\":\"ListItem\",\"position\":1,\"name\":\"Strona g\u0142\u00f3wna\",\"item\":\"https:\/\/deco.com.pl\/\"},{\"@type\":\"ListItem\",\"position\":2,\"name\":\"OFERTA\"}]},{\"@type\":\"WebSite\",\"@id\":\"https:\/\/deco.com.pl\/#website\",\"url\":\"https:\/\/deco.com.pl\/\",\"name\":\"Mamy wszystko na tw\u00f3j dach\",\"description\":\"DECO Pokrycia Dachowe\",\"publisher\":{\"@id\":\"https:\/\/deco.com.pl\/#organization\"},\"potentialAction\":[{\"@type\":\"SearchAction\",\"target\":{\"@type\":\"EntryPoint\",\"urlTemplate\":\"https:\/\/deco.com.pl\/?s={search_term_string}\"},\"query-input\":\"required name=search_term_string\"}],\"inLanguage\":\"pl-PL\"},{\"@type\":\"Organization\",\"@id\":\"https:\/\/deco.com.pl\/#organization\",\"name\":\"Mamy wszystko na tw\u00f3j dach\",\"url\":\"https:\/\/deco.com.pl\/\",\"logo\":{\"@type\":\"ImageObject\",\"inLanguage\":\"pl-PL\",\"@id\":\"https:\/\/deco.com.pl\/#\/schema\/logo\/image\/\",\"url\":\"https:\/\/deco.com.pl\/wp-content\/uploads\/2020\/01\/cropped-logotlo2.png\",\"contentUrl\":\"https:\/\/deco.com.pl\/wp-content\/uploads\/2020\/01\/cropped-logotlo2.png\",\"width\":1206,\"height\":330,\"caption\":\"Mamy wszystko na tw\u00f3j dach\"},\"image\":{\"@id\":\"https:\/\/deco.com.pl\/#\/schema\/logo\/image\/\"},\"sameAs\":[\"https:\/\/www.facebook.com\/decodachy\"]}]}<\/script>\n<!-- \/ Yoast SEO plugin. -->","yoast_head_json":{"title":"OFERTA - Mamy wszystko na tw\u00f3j dach","robots":{"index":"index","follow":"follow","max-snippet":"max-snippet:-1","max-image-preview":"max-image-preview:large","max-video-preview":"max-video-preview:-1"},"canonical":"https:\/\/deco.com.pl\/index.php\/oferta\/","og_locale":"pl_PL","og_type":"article","og_title":"OFERTA - Mamy wszystko na tw\u00f3j dach","og_description":"Zapoznaj si\u0119 z nasz\u0105 ofert\u0105","og_url":"https:\/\/deco.com.pl\/index.php\/oferta\/","og_site_name":"Mamy wszystko na tw\u00f3j dach","article_publisher":"https:\/\/www.facebook.com\/decodachy","article_modified_time":"2020-02-03T20:26:56+00:00","og_image":[{"url":"http:\/\/deco.com.pl\/wp-content\/uploads\/2020\/01\/DACHOWKI-CERAMICZNE-TEKST.png"}],"twitter_card":"summary_large_image","schema":{"@context":"https:\/\/schema.org","@graph":[{"@type":"WebPage","@id":"https:\/\/deco.com.pl\/index.php\/oferta\/","url":"https:\/\/deco.com.pl\/index.php\/oferta\/","name":"OFERTA - Mamy wszystko na tw\u00f3j dach","isPartOf":{"@id":"https:\/\/deco.com.pl\/#website"},"primaryImageOfPage":{"@id":"https:\/\/deco.com.pl\/index.php\/oferta\/#primaryimage"},"image":{"@id":"https:\/\/deco.com.pl\/index.php\/oferta\/#primaryimage"},"thumbnailUrl":"http:\/\/deco.com.pl\/wp-content\/uploads\/2020\/01\/DACHOWKI-CERAMICZNE-TEKST.png","datePublished":"2020-01-12T19:39:01+00:00","dateModified":"2020-02-03T20:26:56+00:00","breadcrumb":{"@id":"https:\/\/deco.com.pl\/index.php\/oferta\/#breadcrumb"},"inLanguage":"pl-PL","potentialAction":[{"@type":"ReadAction","target":["https:\/\/deco.com.pl\/index.php\/oferta\/"]}]},{"@type":"ImageObject","inLanguage":"pl-PL","@id":"https:\/\/deco.com.pl\/index.php\/oferta\/#primaryimage","url":"http:\/\/deco.com.pl\/wp-content\/uploads\/2020\/01\/DACHOWKI-CERAMICZNE-TEKST.png","contentUrl":"http:\/\/deco.com.pl\/wp-content\/uploads\/2020\/01\/DACHOWKI-CERAMICZNE-TEKST.png"},{"@type":"BreadcrumbList","@id":"https:\/\/deco.com.pl\/index.php\/oferta\/#breadcrumb","itemListElement":[{"@type":"ListItem","position":1,"name":"Strona g\u0142\u00f3wna","item":"https:\/\/deco.com.pl\/"},{"@type":"ListItem","position":2,"name":"OFERTA"}]},{"@type":"WebSite","@id":"https:\/\/deco.com.pl\/#website","url":"https:\/\/deco.com.pl\/","name":"Mamy wszystko na tw\u00f3j dach","description":"DECO Pokrycia Dachowe","publisher":{"@id":"https:\/\/deco.com.pl\/#organization"},"potentialAction":[{"@type":"SearchAction","target":{"@type":"EntryPoint","urlTemplate":"https:\/\/deco.com.pl\/?s={search_term_string}"},"query-input":"required name=search_term_string"}],"inLanguage":"pl-PL"},{"@type":"Organization","@id":"https:\/\/deco.com.pl\/#organization","name":"Mamy wszystko na tw\u00f3j dach","url":"https:\/\/deco.com.pl\/","logo":{"@type":"ImageObject","inLanguage":"pl-PL","@id":"https:\/\/deco.com.pl\/#\/schema\/logo\/image\/","url":"https:\/\/deco.com.pl\/wp-content\/uploads\/2020\/01\/cropped-logotlo2.png","contentUrl":"https:\/\/deco.com.pl\/wp-content\/uploads\/2020\/01\/cropped-logotlo2.png","width":1206,"height":330,"caption":"Mamy wszystko na tw\u00f3j dach"},"image":{"@id":"https:\/\/deco.com.pl\/#\/schema\/logo\/image\/"},"sameAs":["https:\/\/www.facebook.com\/decodachy"]}]}},"_links":{"self":[{"href":"https:\/\/deco.com.pl\/index.php\/wp-json\/wp\/v2\/pages\/610"}],"collection":[{"href":"https:\/\/deco.com.pl\/index.php\/wp-json\/wp\/v2\/pages"}],"about":[{"href":"https:\/\/deco.com.pl\/index.php\/wp-json\/wp\/v2\/types\/page"}],"author":[{"embeddable":true,"href":"https:\/\/deco.com.pl\/index.php\/wp-json\/wp\/v2\/users\/1"}],"replies":[{"embeddable":true,"href":"https:\/\/deco.com.pl\/index.php\/wp-json\/wp\/v2\/comments?post=610"}],"version-history":[{"count":25,"href":"https:\/\/deco.com.pl\/index.php\/wp-json\/wp\/v2\/pages\/610\/revisions"}],"predecessor-version":[{"id":1220,"href":"https:\/\/deco.com.pl\/index.php\/wp-json\/wp\/v2\/pages\/610\/revisions\/1220"}],"wp:attachment":[{"href":"https:\/\/deco.com.pl\/index.php\/wp-json\/wp\/v2\/media?parent=610"}],"curies":[{"name":"wp","href":"https:\/\/api.w.org\/{rel}","templated":true}]}}