{"id":622,"date":"2020-01-12T21:08:56","date_gmt":"2020-01-12T20:08:56","guid":{"rendered":"http:\/\/deco.com.pl\/?page_id=622"},"modified":"2025-02-27T22:33:38","modified_gmt":"2025-02-27T21:33:38","slug":"transport","status":"publish","type":"page","link":"https:\/\/deco.com.pl\/index.php\/transport\/","title":{"rendered":"TRANSPORT"},"content":{"rendered":"\t\t<div data-elementor-type=\"wp-page\" data-elementor-id=\"622\" class=\"elementor elementor-622\" data-elementor-settings=\"[]\">\n\t\t\t<div class=\"elementor-inner\">\n\t\t\t\t<div class=\"elementor-section-wrap\">\n\t\t\t\t\t\t\t<section class=\"elementor-element elementor-element-5e74a3a elementor-section-content-middle elementor-section-boxed elementor-section-height-default elementor-section-height-default elementor-section elementor-top-section\" data-id=\"5e74a3a\" data-element_type=\"section\">\n\t\t\t\t\t\t<div class=\"elementor-container elementor-column-gap-default\">\n\t\t\t\t<div class=\"elementor-row\">\n\t\t\t\t<div class=\"elementor-element elementor-element-11449dd elementor-column elementor-col-50 elementor-top-column\" data-id=\"11449dd\" data-element_type=\"column\">\n\t\t\t<div class=\"elementor-column-wrap  elementor-element-populated\">\n\t\t\t\t\t<div class=\"elementor-widget-wrap\">\n\t\t\t\t<div class=\"elementor-element elementor-element-beb4238 elementor-widget elementor-widget-text-editor\" data-id=\"beb4238\" data-element_type=\"widget\" data-widget_type=\"text-editor.default\">\n\t\t\t\t<div class=\"elementor-widget-container\">\n\t\t\t\t\t<div class=\"elementor-text-editor elementor-clearfix\"><p style=\"text-align: justify;\">Dach\u00f3wki oraz inne materia\u0142y niezb\u0119dne dla zbudowania Twojego dachu dostarczamy naszym transportem HDS. Profesjonalny obs\u0142ug\u0119 transportu wraz z roz\u0142adunkiem zapewnia wysoce wykwalifikowana i do\u015bwiadczona kadra. Posiadamy samochody o \u0142adowno\u015bci od 1.5 tony do 12 ton. Na \u017cyczenie Klienta mo\u017cemy zorganizowa\u0107 transport w dowolne miejsce w Polsce. Zapewniamy r\u00f3wnie\u017c bezp\u0142atne magazynowanie zakupionych materia\u0142\u00f3w.<\/p><\/div>\n\t\t\t\t<\/div>\n\t\t\t\t<\/div>\n\t\t\t\t\t\t<\/div>\n\t\t\t<\/div>\n\t\t<\/div>\n\t\t\t\t<div class=\"elementor-element elementor-element-c35ac8e elementor-column elementor-col-50 elementor-top-column\" data-id=\"c35ac8e\" data-element_type=\"column\">\n\t\t\t<div class=\"elementor-column-wrap  elementor-element-populated\">\n\t\t\t\t\t<div class=\"elementor-widget-wrap\">\n\t\t\t\t<div class=\"elementor-element elementor-element-0b007e8 elementor-arrows-position-inside elementor-widget elementor-widget-image-carousel\" data-id=\"0b007e8\" data-element_type=\"widget\" data-settings=\"{&quot;slides_to_show&quot;:&quot;1&quot;,&quot;navigation&quot;:&quot;arrows&quot;,&quot;autoplay&quot;:&quot;yes&quot;,&quot;pause_on_hover&quot;:&quot;yes&quot;,&quot;pause_on_interaction&quot;:&quot;yes&quot;,&quot;autoplay_speed&quot;:5000,&quot;infinite&quot;:&quot;yes&quot;,&quot;effect&quot;:&quot;slide&quot;,&quot;speed&quot;:500,&quot;direction&quot;:&quot;ltr&quot;}\" data-widget_type=\"image-carousel.default\">\n\t\t\t\t<div class=\"elementor-widget-container\">\n\t\t\t\t\t<div class=\"elementor-image-carousel-wrapper swiper-container\" dir=\"ltr\">\n\t\t\t<div class=\"elementor-image-carousel swiper-wrapper\">\n\t\t\t\t<div class=\"swiper-slide\"><figure class=\"swiper-slide-inner\"><img decoding=\"async\" class=\"swiper-slide-image\" src=\"https:\/\/deco.com.pl\/wp-content\/uploads\/2021\/02\/20200318_102056_Easy-Resize.com_-768x373.jpg\" alt=\"20200318_102056_Easy-Resize.com\" \/><\/figure><\/div><div class=\"swiper-slide\"><figure class=\"swiper-slide-inner\"><img decoding=\"async\" class=\"swiper-slide-image\" src=\"https:\/\/deco.com.pl\/wp-content\/uploads\/2020\/01\/transport1-768x373.png\" alt=\"transport1\" \/><\/figure><\/div><div class=\"swiper-slide\"><figure class=\"swiper-slide-inner\"><img decoding=\"async\" class=\"swiper-slide-image\" src=\"https:\/\/deco.com.pl\/wp-content\/uploads\/2020\/01\/transport2-768x373.png\" alt=\"transport2\" \/><\/figure><\/div><div class=\"swiper-slide\"><figure class=\"swiper-slide-inner\"><img decoding=\"async\" class=\"swiper-slide-image\" src=\"https:\/\/deco.com.pl\/wp-content\/uploads\/2020\/01\/transport3-768x373.png\" alt=\"transport3\" \/><\/figure><\/div><div class=\"swiper-slide\"><figure class=\"swiper-slide-inner\"><img decoding=\"async\" class=\"swiper-slide-image\" src=\"https:\/\/deco.com.pl\/wp-content\/uploads\/2020\/01\/transport4-768x373.png\" alt=\"transport4\" \/><\/figure><\/div><div class=\"swiper-slide\"><figure class=\"swiper-slide-inner\"><img decoding=\"async\" class=\"swiper-slide-image\" src=\"https:\/\/deco.com.pl\/wp-content\/uploads\/2020\/01\/transport5-768x373.png\" alt=\"transport5\" \/><\/figure><\/div><div class=\"swiper-slide\"><figure class=\"swiper-slide-inner\"><img decoding=\"async\" class=\"swiper-slide-image\" src=\"https:\/\/deco.com.pl\/wp-content\/uploads\/2020\/01\/20190213_115447-768x373.jpg\" alt=\"20190213_115447\" \/><\/figure><\/div>\t\t\t<\/div>\n\t\t\t\t\t\t\t\t\t\t\t\t\t\t\t\t<div class=\"elementor-swiper-button elementor-swiper-button-prev\">\n\t\t\t\t\t\t<i class=\"eicon-chevron-left\" aria-hidden=\"true\"><\/i>\n\t\t\t\t\t\t<span class=\"elementor-screen-only\">Previous<\/span>\n\t\t\t\t\t<\/div>\n\t\t\t\t\t<div class=\"elementor-swiper-button elementor-swiper-button-next\">\n\t\t\t\t\t\t<i class=\"eicon-chevron-right\" aria-hidden=\"true\"><\/i>\n\t\t\t\t\t\t<span class=\"elementor-screen-only\">Next<\/span>\n\t\t\t\t\t<\/div>\n\t\t\t\t\t\t\t\t\t<\/div>\n\t\t\t\t<\/div>\n\t\t\t\t<\/div>\n\t\t\t\t\t\t<\/div>\n\t\t\t<\/div>\n\t\t<\/div>\n\t\t\t\t\t\t<\/div>\n\t\t\t<\/div>\n\t\t<\/section>\n\t\t\t\t\t\t<\/div>\n\t\t\t<\/div>\n\t\t<\/div>\n\t\t","protected":false},"excerpt":{"rendered":"<p>Dach\u00f3wki oraz inne materia\u0142y niezb\u0119dne dla zbudowania Twojego dachu dostarczamy naszym transportem HDS. Profesjonalny obs\u0142ug\u0119 transportu wraz z roz\u0142adunkiem zapewnia wysoce wykwalifikowana i do\u015bwiadczona kadra. Posiadamy samochody o \u0142adowno\u015bci od 1.5 tony do 12 ton. Na \u017cyczenie Klienta mo\u017cemy zorganizowa\u0107 transport w dowolne miejsce w Polsce. Zapewniamy r\u00f3wnie\u017c bezp\u0142atne magazynowanie zakupionych materia\u0142\u00f3w. Previous Next<\/p>\n","protected":false},"author":1,"featured_media":0,"parent":0,"menu_order":0,"comment_status":"closed","ping_status":"closed","template":"","meta":{"ocean_post_layout":"","ocean_both_sidebars_style":"","ocean_both_sidebars_content_width":0,"ocean_both_sidebars_sidebars_width":0,"ocean_sidebar":"0","ocean_second_sidebar":"0","ocean_disable_margins":"enable","ocean_add_body_class":"","ocean_shortcode_before_top_bar":"","ocean_shortcode_after_top_bar":"","ocean_shortcode_before_header":"","ocean_shortcode_after_header":"","ocean_has_shortcode":"","ocean_shortcode_after_title":"","ocean_shortcode_before_footer_widgets":"","ocean_shortcode_after_footer_widgets":"","ocean_shortcode_before_footer_bottom":"","ocean_shortcode_after_footer_bottom":"","ocean_display_top_bar":"default","ocean_display_header":"default","ocean_header_style":"","ocean_center_header_left_menu":"0","ocean_custom_header_template":"0","ocean_custom_logo":0,"ocean_custom_retina_logo":0,"ocean_custom_logo_max_width":0,"ocean_custom_logo_tablet_max_width":0,"ocean_custom_logo_mobile_max_width":0,"ocean_custom_logo_max_height":0,"ocean_custom_logo_tablet_max_height":0,"ocean_custom_logo_mobile_max_height":0,"ocean_header_custom_menu":"0","ocean_menu_typo_font_family":"0","ocean_menu_typo_font_subset":"","ocean_menu_typo_font_size":0,"ocean_menu_typo_font_size_tablet":0,"ocean_menu_typo_font_size_mobile":0,"ocean_menu_typo_font_size_unit":"px","ocean_menu_typo_font_weight":"","ocean_menu_typo_font_weight_tablet":"","ocean_menu_typo_font_weight_mobile":"","ocean_menu_typo_transform":"","ocean_menu_typo_transform_tablet":"","ocean_menu_typo_transform_mobile":"","ocean_menu_typo_line_height":0,"ocean_menu_typo_line_height_tablet":0,"ocean_menu_typo_line_height_mobile":0,"ocean_menu_typo_line_height_unit":"","ocean_menu_typo_spacing":0,"ocean_menu_typo_spacing_tablet":0,"ocean_menu_typo_spacing_mobile":0,"ocean_menu_typo_spacing_unit":"","ocean_menu_link_color":"","ocean_menu_link_color_hover":"","ocean_menu_link_color_active":"","ocean_menu_link_background":"","ocean_menu_link_hover_background":"","ocean_menu_link_active_background":"","ocean_menu_social_links_bg":"","ocean_menu_social_hover_links_bg":"","ocean_menu_social_links_color":"","ocean_menu_social_hover_links_color":"","ocean_disable_title":"default","ocean_disable_heading":"default","ocean_post_title":"","ocean_post_subheading":"","ocean_post_title_style":"background-image","ocean_post_title_background_color":"","ocean_post_title_background":843,"ocean_post_title_bg_image_position":"","ocean_post_title_bg_image_attachment":"","ocean_post_title_bg_image_repeat":"","ocean_post_title_bg_image_size":"auto","ocean_post_title_height":300,"ocean_post_title_bg_overlay":0.5,"ocean_post_title_bg_overlay_color":"","ocean_disable_breadcrumbs":"default","ocean_breadcrumbs_color":"","ocean_breadcrumbs_separator_color":"","ocean_breadcrumbs_links_color":"","ocean_breadcrumbs_links_hover_color":"","ocean_display_footer_widgets":"default","ocean_display_footer_bottom":"default","ocean_custom_footer_template":"0","footnotes":""},"yoast_head":"<!-- This site is optimized with the Yoast SEO plugin v22.3 - https:\/\/yoast.com\/wordpress\/plugins\/seo\/ -->\n<title>TRANSPORT - Mamy wszystko na tw\u00f3j dach<\/title>\n<meta name=\"robots\" content=\"index, follow, max-snippet:-1, max-image-preview:large, max-video-preview:-1\" \/>\n<link rel=\"canonical\" href=\"https:\/\/deco.com.pl\/index.php\/transport\/\" \/>\n<meta property=\"og:locale\" content=\"pl_PL\" \/>\n<meta property=\"og:type\" content=\"article\" \/>\n<meta property=\"og:title\" content=\"TRANSPORT - Mamy wszystko na tw\u00f3j dach\" \/>\n<meta property=\"og:description\" content=\"Dach\u00f3wki oraz inne materia\u0142y niezb\u0119dne dla zbudowania Twojego dachu dostarczamy naszym transportem HDS. Profesjonalny obs\u0142ug\u0119 transportu wraz z roz\u0142adunkiem zapewnia wysoce wykwalifikowana i do\u015bwiadczona kadra. Posiadamy samochody o \u0142adowno\u015bci od 1.5 tony do 12 ton. Na \u017cyczenie Klienta mo\u017cemy zorganizowa\u0107 transport w dowolne miejsce w Polsce. Zapewniamy r\u00f3wnie\u017c bezp\u0142atne magazynowanie zakupionych materia\u0142\u00f3w. Previous Next\" \/>\n<meta property=\"og:url\" content=\"https:\/\/deco.com.pl\/index.php\/transport\/\" \/>\n<meta property=\"og:site_name\" content=\"Mamy wszystko na tw\u00f3j dach\" \/>\n<meta property=\"article:publisher\" content=\"https:\/\/www.facebook.com\/decodachy\" \/>\n<meta property=\"article:modified_time\" content=\"2025-02-27T21:33:38+00:00\" \/>\n<meta property=\"og:image\" content=\"https:\/\/deco.com.pl\/wp-content\/uploads\/2021\/02\/20200318_102056_Easy-Resize.com_-768x373.jpg\" \/>\n<meta name=\"twitter:card\" content=\"summary_large_image\" \/>\n<script type=\"application\/ld+json\" class=\"yoast-schema-graph\">{\"@context\":\"https:\/\/schema.org\",\"@graph\":[{\"@type\":\"WebPage\",\"@id\":\"https:\/\/deco.com.pl\/index.php\/transport\/\",\"url\":\"https:\/\/deco.com.pl\/index.php\/transport\/\",\"name\":\"TRANSPORT - Mamy wszystko na tw\u00f3j dach\",\"isPartOf\":{\"@id\":\"https:\/\/deco.com.pl\/#website\"},\"primaryImageOfPage\":{\"@id\":\"https:\/\/deco.com.pl\/index.php\/transport\/#primaryimage\"},\"image\":{\"@id\":\"https:\/\/deco.com.pl\/index.php\/transport\/#primaryimage\"},\"thumbnailUrl\":\"https:\/\/deco.com.pl\/wp-content\/uploads\/2021\/02\/20200318_102056_Easy-Resize.com_-768x373.jpg\",\"datePublished\":\"2020-01-12T20:08:56+00:00\",\"dateModified\":\"2025-02-27T21:33:38+00:00\",\"breadcrumb\":{\"@id\":\"https:\/\/deco.com.pl\/index.php\/transport\/#breadcrumb\"},\"inLanguage\":\"pl-PL\",\"potentialAction\":[{\"@type\":\"ReadAction\",\"target\":[\"https:\/\/deco.com.pl\/index.php\/transport\/\"]}]},{\"@type\":\"ImageObject\",\"inLanguage\":\"pl-PL\",\"@id\":\"https:\/\/deco.com.pl\/index.php\/transport\/#primaryimage\",\"url\":\"https:\/\/deco.com.pl\/wp-content\/uploads\/2021\/02\/20200318_102056_Easy-Resize.com_.jpg\",\"contentUrl\":\"https:\/\/deco.com.pl\/wp-content\/uploads\/2021\/02\/20200318_102056_Easy-Resize.com_.jpg\",\"width\":1600,\"height\":778},{\"@type\":\"BreadcrumbList\",\"@id\":\"https:\/\/deco.com.pl\/index.php\/transport\/#breadcrumb\",\"itemListElement\":[{\"@type\":\"ListItem\",\"position\":1,\"name\":\"Strona g\u0142\u00f3wna\",\"item\":\"https:\/\/deco.com.pl\/\"},{\"@type\":\"ListItem\",\"position\":2,\"name\":\"TRANSPORT\"}]},{\"@type\":\"WebSite\",\"@id\":\"https:\/\/deco.com.pl\/#website\",\"url\":\"https:\/\/deco.com.pl\/\",\"name\":\"Mamy wszystko na tw\u00f3j dach\",\"description\":\"DECO Pokrycia Dachowe\",\"publisher\":{\"@id\":\"https:\/\/deco.com.pl\/#organization\"},\"potentialAction\":[{\"@type\":\"SearchAction\",\"target\":{\"@type\":\"EntryPoint\",\"urlTemplate\":\"https:\/\/deco.com.pl\/?s={search_term_string}\"},\"query-input\":\"required name=search_term_string\"}],\"inLanguage\":\"pl-PL\"},{\"@type\":\"Organization\",\"@id\":\"https:\/\/deco.com.pl\/#organization\",\"name\":\"Mamy wszystko na tw\u00f3j dach\",\"url\":\"https:\/\/deco.com.pl\/\",\"logo\":{\"@type\":\"ImageObject\",\"inLanguage\":\"pl-PL\",\"@id\":\"https:\/\/deco.com.pl\/#\/schema\/logo\/image\/\",\"url\":\"https:\/\/deco.com.pl\/wp-content\/uploads\/2020\/01\/cropped-logotlo2.png\",\"contentUrl\":\"https:\/\/deco.com.pl\/wp-content\/uploads\/2020\/01\/cropped-logotlo2.png\",\"width\":1206,\"height\":330,\"caption\":\"Mamy wszystko na tw\u00f3j dach\"},\"image\":{\"@id\":\"https:\/\/deco.com.pl\/#\/schema\/logo\/image\/\"},\"sameAs\":[\"https:\/\/www.facebook.com\/decodachy\"]}]}<\/script>\n<!-- \/ Yoast SEO plugin. -->","yoast_head_json":{"title":"TRANSPORT - Mamy wszystko na tw\u00f3j dach","robots":{"index":"index","follow":"follow","max-snippet":"max-snippet:-1","max-image-preview":"max-image-preview:large","max-video-preview":"max-video-preview:-1"},"canonical":"https:\/\/deco.com.pl\/index.php\/transport\/","og_locale":"pl_PL","og_type":"article","og_title":"TRANSPORT - Mamy wszystko na tw\u00f3j dach","og_description":"Dach\u00f3wki oraz inne materia\u0142y niezb\u0119dne dla zbudowania Twojego dachu dostarczamy naszym transportem HDS. Profesjonalny obs\u0142ug\u0119 transportu wraz z roz\u0142adunkiem zapewnia wysoce wykwalifikowana i do\u015bwiadczona kadra. Posiadamy samochody o \u0142adowno\u015bci od 1.5 tony do 12 ton. Na \u017cyczenie Klienta mo\u017cemy zorganizowa\u0107 transport w dowolne miejsce w Polsce. Zapewniamy r\u00f3wnie\u017c bezp\u0142atne magazynowanie zakupionych materia\u0142\u00f3w. Previous Next","og_url":"https:\/\/deco.com.pl\/index.php\/transport\/","og_site_name":"Mamy wszystko na tw\u00f3j dach","article_publisher":"https:\/\/www.facebook.com\/decodachy","article_modified_time":"2025-02-27T21:33:38+00:00","og_image":[{"url":"https:\/\/deco.com.pl\/wp-content\/uploads\/2021\/02\/20200318_102056_Easy-Resize.com_-768x373.jpg"}],"twitter_card":"summary_large_image","schema":{"@context":"https:\/\/schema.org","@graph":[{"@type":"WebPage","@id":"https:\/\/deco.com.pl\/index.php\/transport\/","url":"https:\/\/deco.com.pl\/index.php\/transport\/","name":"TRANSPORT - Mamy wszystko na tw\u00f3j dach","isPartOf":{"@id":"https:\/\/deco.com.pl\/#website"},"primaryImageOfPage":{"@id":"https:\/\/deco.com.pl\/index.php\/transport\/#primaryimage"},"image":{"@id":"https:\/\/deco.com.pl\/index.php\/transport\/#primaryimage"},"thumbnailUrl":"https:\/\/deco.com.pl\/wp-content\/uploads\/2021\/02\/20200318_102056_Easy-Resize.com_-768x373.jpg","datePublished":"2020-01-12T20:08:56+00:00","dateModified":"2025-02-27T21:33:38+00:00","breadcrumb":{"@id":"https:\/\/deco.com.pl\/index.php\/transport\/#breadcrumb"},"inLanguage":"pl-PL","potentialAction":[{"@type":"ReadAction","target":["https:\/\/deco.com.pl\/index.php\/transport\/"]}]},{"@type":"ImageObject","inLanguage":"pl-PL","@id":"https:\/\/deco.com.pl\/index.php\/transport\/#primaryimage","url":"https:\/\/deco.com.pl\/wp-content\/uploads\/2021\/02\/20200318_102056_Easy-Resize.com_.jpg","contentUrl":"https:\/\/deco.com.pl\/wp-content\/uploads\/2021\/02\/20200318_102056_Easy-Resize.com_.jpg","width":1600,"height":778},{"@type":"BreadcrumbList","@id":"https:\/\/deco.com.pl\/index.php\/transport\/#breadcrumb","itemListElement":[{"@type":"ListItem","position":1,"name":"Strona g\u0142\u00f3wna","item":"https:\/\/deco.com.pl\/"},{"@type":"ListItem","position":2,"name":"TRANSPORT"}]},{"@type":"WebSite","@id":"https:\/\/deco.com.pl\/#website","url":"https:\/\/deco.com.pl\/","name":"Mamy wszystko na tw\u00f3j dach","description":"DECO Pokrycia Dachowe","publisher":{"@id":"https:\/\/deco.com.pl\/#organization"},"potentialAction":[{"@type":"SearchAction","target":{"@type":"EntryPoint","urlTemplate":"https:\/\/deco.com.pl\/?s={search_term_string}"},"query-input":"required name=search_term_string"}],"inLanguage":"pl-PL"},{"@type":"Organization","@id":"https:\/\/deco.com.pl\/#organization","name":"Mamy wszystko na tw\u00f3j dach","url":"https:\/\/deco.com.pl\/","logo":{"@type":"ImageObject","inLanguage":"pl-PL","@id":"https:\/\/deco.com.pl\/#\/schema\/logo\/image\/","url":"https:\/\/deco.com.pl\/wp-content\/uploads\/2020\/01\/cropped-logotlo2.png","contentUrl":"https:\/\/deco.com.pl\/wp-content\/uploads\/2020\/01\/cropped-logotlo2.png","width":1206,"height":330,"caption":"Mamy wszystko na tw\u00f3j dach"},"image":{"@id":"https:\/\/deco.com.pl\/#\/schema\/logo\/image\/"},"sameAs":["https:\/\/www.facebook.com\/decodachy"]}]}},"_links":{"self":[{"href":"https:\/\/deco.com.pl\/index.php\/wp-json\/wp\/v2\/pages\/622"}],"collection":[{"href":"https:\/\/deco.com.pl\/index.php\/wp-json\/wp\/v2\/pages"}],"about":[{"href":"https:\/\/deco.com.pl\/index.php\/wp-json\/wp\/v2\/types\/page"}],"author":[{"embeddable":true,"href":"https:\/\/deco.com.pl\/index.php\/wp-json\/wp\/v2\/users\/1"}],"replies":[{"embeddable":true,"href":"https:\/\/deco.com.pl\/index.php\/wp-json\/wp\/v2\/comments?post=622"}],"version-history":[{"count":10,"href":"https:\/\/deco.com.pl\/index.php\/wp-json\/wp\/v2\/pages\/622\/revisions"}],"predecessor-version":[{"id":1413,"href":"https:\/\/deco.com.pl\/index.php\/wp-json\/wp\/v2\/pages\/622\/revisions\/1413"}],"wp:attachment":[{"href":"https:\/\/deco.com.pl\/index.php\/wp-json\/wp\/v2\/media?parent=622"}],"curies":[{"name":"wp","href":"https:\/\/api.w.org\/{rel}","templated":true}]}}